{"id":30,"date":"2019-03-06T07:16:44","date_gmt":"2019-03-06T07:16:44","guid":{"rendered":"https:\/\/pearlthemes.com\/theme\/medicalguide\/?page_id=30"},"modified":"2025-01-22T07:30:51","modified_gmt":"2025-01-22T07:30:51","slug":"home","status":"publish","type":"page","link":"https:\/\/www.funfiz.pl\/","title":{"rendered":"Home"},"content":{"rendered":"<div class=\"wpb-content-wrapper\"><p>[vc_row][vc_column][vc_separator style=&#8221;shadow&#8221;][\/vc_column][\/vc_row][vc_row][vc_column width=&#8221;1\/6&#8243;][\/vc_column][vc_column width=&#8221;2\/3&#8243;][vc_btn title=&#8221;Zarezerwuj Wizyt\u0119 Online&#8221; style=&#8221;classic&#8221; color=&#8221;pink&#8221; size=&#8221;lg&#8221; align=&#8221;center&#8221; css_animation=&#8221;flipInX&#8221; button_block=&#8221;true&#8221; link=&#8221;url:https%3A%2F%2Fwww.funfiz.pl%2Findex.php%2Fzapisy-online%2F|title:ZAPISY%20ONLINE&#8221;][\/vc_column][vc_column width=&#8221;1\/6&#8243;][\/vc_column][\/vc_row][vc_row][vc_column width=&#8221;1\/6&#8243;][\/vc_column][vc_column width=&#8221;2\/6&#8243;][vc_hoverbox image=&#8221;463&#8243; primary_title=&#8221;Fizjoterapia Dzieci i Niemowl\u0105t&#8221; hover_title=&#8221;Fizjoterapia Dzieci i Niemowl\u0105t&#8221; hover_btn_title=&#8221;WI\u0118CEJ&#8221; hover_btn_color=&#8221;primary&#8221; hover_btn_size=&#8221;lg&#8221; hover_btn_align=&#8221;center&#8221; hover_add_button=&#8221;true&#8221; hover_btn_link=&#8221;url:https%3A%2F%2Fwww.funfiz.pl%2Findex.php%2Fservice%2Fdental-implants%2F|title:Fijzoterapia%20Dzieci&#8221;][\/vc_hoverbox][vc_separator][vc_hoverbox image=&#8221;468&#8243; primary_title=&#8221;Fizjoterapia Uroginekologiczna&#8221; hover_title=&#8221;Fizjoterepia Uroginekologiczna&#8221; hover_btn_title=&#8221;WI\u0118CEJ&#8221; hover_btn_color=&#8221;primary&#8221; hover_btn_size=&#8221;lg&#8221; hover_btn_align=&#8221;center&#8221; hover_add_button=&#8221;true&#8221; hover_btn_link=&#8221;url:https%3A%2F%2Fwww.funfiz.pl%2Findex.php%2Fservice%2Fheart-specialist%2F|title:Fijzoterapia%20Dzieci&#8221;][\/vc_hoverbox][\/vc_column][vc_column width=&#8221;2\/6&#8243;][vc_hoverbox image=&#8221;465&#8243; primary_title=&#8221;Fizjoterapia Doros\u0142ych&#8221; hover_title=&#8221;Fizjoterapia Doros\u0142ych&#8221; hover_btn_title=&#8221;WI\u0118CEJ&#8221; hover_btn_color=&#8221;primary&#8221; hover_btn_size=&#8221;lg&#8221; hover_btn_align=&#8221;center&#8221; hover_add_button=&#8221;true&#8221; hover_btn_link=&#8221;url:https%3A%2F%2Fwww.funfiz.pl%2Findex.php%2Fservice%2Flaboratory-tests%2F|title:Fijzoterapia%20Dzieci&#8221;][\/vc_hoverbox][vc_separator][vc_hoverbox image=&#8221;464&#8243; primary_title=&#8221;Masa\u017c&#8221; hover_title=&#8221;Masa\u017c&#8221; hover_btn_title=&#8221;WI\u0118CEJ&#8221; hover_btn_color=&#8221;primary&#8221; hover_btn_size=&#8221;lg&#8221; hover_btn_align=&#8221;center&#8221; hover_add_button=&#8221;true&#8221; hover_btn_link=&#8221;url:https%3A%2F%2Fwww.funfiz.pl%2Findex.php%2Fservice%2Foperation-theater%2F|title:Fijzoterapia%20Dzieci&#8221;][\/vc_hoverbox][\/vc_column][vc_column width=&#8221;1\/6&#8243;][\/vc_column][\/vc_row][vc_row css=&#8221;.vc_custom_1705245586368{padding-top: 55px !important;padding-bottom: 90px !important;}&#8221;][vc_column]\t<div class=\"container main-heading-container\">\n\t\t<div class=\"main-title \">\n\t\t\t<h2><strong>Nasz Zesp\u00f3\u0142<\/strong><\/h2>\t\t<\/div>\n\t<\/div>\n\t\t\t<div class=\"meet-specialists\">\n\t\t\t<div class=\"container\">\n\t\t\t\t<div id=\"owl-demo4\" class=\"owl-carousel\">\n\t\t\t\t\t\t\t\t\t\t\t\t<div class=\"post item\">\n\n\t\t\t\t\t\t\t\t<div class=\"gallery-sec\">\n\t\t\t\t\t\t\t\t\t<div class=\"image-hover img-layer-slide-left-right\">\n\t\t\t\t\t\t\t\t\t\t<img loading=\"lazy\" decoding=\"async\" width=\"500\" height=\"538\" src=\"https:\/\/www.funfiz.pl\/wp-content\/uploads\/2025\/03\/Kinga-Podolska-bez-foto.jpg\" class=\"attachment-pearl_image_size_762_700 size-pearl_image_size_762_700 wp-post-image\" alt=\"\" srcset=\"https:\/\/www.funfiz.pl\/wp-content\/uploads\/2025\/03\/Kinga-Podolska-bez-foto.jpg 500w, https:\/\/www.funfiz.pl\/wp-content\/uploads\/2025\/03\/Kinga-Podolska-bez-foto-279x300.jpg 279w\" sizes=\"auto, (max-width: 500px) 100vw, 500px\" \/>\t\t\t\t\t\t\t\t\t\t<div class=\"layer\">\n\t\t\t\t\t\t\t\t\t\t\t\t\t\t\t\t\t\t\t\t\t<\/div>\n\t\t\t\t\t\t\t\t\t<\/div>\n\t\t\t\t\t\t\t\t<\/div>\n\n\t\t\t\t\t\t\t\t<div class=\"detail\">\n\t\t\t\t\t\t\t\t\t<h6><a href=\"https:\/\/www.funfiz.pl\/index.php\/doctor\/kinga-podolska\/\">Kinga Podolska<\/a><\/h6>\n\t\t\t\t\t\t\t\t\t<span> <a href=\"https:\/\/www.funfiz.pl\/index.php\/department\/fizjoterapeuta\/\" rel=\"tag\">Fizjoterapeuta<\/a> <\/span>\n\t\t\t\t\t\t\t\t\t<p>Jestem absolwentk\u0105 studi\u00f3w magisterskich Collegium Medicum Uniwersytetu Jagielo\u0144skiego w Krakowie.\r\nSpecjalizuj\u0119 sie w terapii manualnej i mi\u0119\u015bniowo-powi\u0119ziowej doros\u0142ych ca\u0142ego&hellip;<\/p>\n\t\t\t\t\t\t\t\t\t<a href=\"https:\/\/www.funfiz.pl\/index.php\/doctor\/kinga-podolska\/\">- View Profile<\/a>\n\t\t\t\t\t\t\t\t<\/div>\n\n\t\t\t\t\t\t\t<\/div>\n\t\t\t\t\t\t\t\t\t\t\t\t\t\t<div class=\"post item\">\n\n\t\t\t\t\t\t\t\t<div class=\"gallery-sec\">\n\t\t\t\t\t\t\t\t\t<div class=\"image-hover img-layer-slide-left-right\">\n\t\t\t\t\t\t\t\t\t\t<img loading=\"lazy\" decoding=\"async\" width=\"500\" height=\"538\" src=\"https:\/\/www.funfiz.pl\/wp-content\/uploads\/2024\/01\/Anna-Chmurska2.jpg\" class=\"attachment-pearl_image_size_762_700 size-pearl_image_size_762_700 wp-post-image\" alt=\"\" srcset=\"https:\/\/www.funfiz.pl\/wp-content\/uploads\/2024\/01\/Anna-Chmurska2.jpg 500w, https:\/\/www.funfiz.pl\/wp-content\/uploads\/2024\/01\/Anna-Chmurska2-279x300.jpg 279w\" sizes=\"auto, (max-width: 500px) 100vw, 500px\" \/>\t\t\t\t\t\t\t\t\t\t<div class=\"layer\">\n\t\t\t\t\t\t\t\t\t\t\t\t\t\t\t\t\t\t\t\t\t<\/div>\n\t\t\t\t\t\t\t\t\t<\/div>\n\t\t\t\t\t\t\t\t<\/div>\n\n\t\t\t\t\t\t\t\t<div class=\"detail\">\n\t\t\t\t\t\t\t\t\t<h6><a href=\"https:\/\/www.funfiz.pl\/index.php\/doctor\/anna-chmurska\/\">Anna Chmurska<\/a><\/h6>\n\t\t\t\t\t\t\t\t\t<span> <a href=\"https:\/\/www.funfiz.pl\/index.php\/department\/fizjotereapeuta-dzieciecy\/\" rel=\"tag\">Fizjotereapeuta Dzieci\u0119cy<\/a> <\/span>\n\t\t\t\t\t\t\t\t\t<p><p class=\"zfr3Q CDt4Ke \" dir=\"ltr\"><span class=\"gBYvFf C9DxTc \">Jestem absolwentk\u0105 studi\u00f3w magisterskich w Akademii Wychowania Fizycznego w Warszawie na&hellip;<\/p>\n\t\t\t\t\t\t\t\t\t<a href=\"https:\/\/www.funfiz.pl\/index.php\/doctor\/anna-chmurska\/\">- View Profile<\/a>\n\t\t\t\t\t\t\t\t<\/div>\n\n\t\t\t\t\t\t\t<\/div>\n\t\t\t\t\t\t\t\t\t\t\t\t\t\t<div class=\"post item\">\n\n\t\t\t\t\t\t\t\t<div class=\"gallery-sec\">\n\t\t\t\t\t\t\t\t\t<div class=\"image-hover img-layer-slide-left-right\">\n\t\t\t\t\t\t\t\t\t\t<img loading=\"lazy\" decoding=\"async\" width=\"500\" height=\"538\" src=\"https:\/\/www.funfiz.pl\/wp-content\/uploads\/2024\/01\/Mariola-Piwnik.jpg\" class=\"attachment-pearl_image_size_762_700 size-pearl_image_size_762_700 wp-post-image\" alt=\"\" srcset=\"https:\/\/www.funfiz.pl\/wp-content\/uploads\/2024\/01\/Mariola-Piwnik.jpg 500w, https:\/\/www.funfiz.pl\/wp-content\/uploads\/2024\/01\/Mariola-Piwnik-279x300.jpg 279w\" sizes=\"auto, (max-width: 500px) 100vw, 500px\" \/>\t\t\t\t\t\t\t\t\t\t<div class=\"layer\">\n\t\t\t\t\t\t\t\t\t\t\t<a href=\"https:\/\/google.com\" target=\"_blank\"><i class=\"icon-caddieshoppingstreamline\"><\/i><\/a> \t\t\t\t\t\t\t\t\t\t<\/div>\n\t\t\t\t\t\t\t\t\t<\/div>\n\t\t\t\t\t\t\t\t<\/div>\n\n\t\t\t\t\t\t\t\t<div class=\"detail\">\n\t\t\t\t\t\t\t\t\t<h6><a href=\"https:\/\/www.funfiz.pl\/index.php\/doctor\/mariola-piwnik\/\">Mariola Piwnik-Skibniewska<\/a><\/h6>\n\t\t\t\t\t\t\t\t\t<span> <a href=\"https:\/\/www.funfiz.pl\/index.php\/department\/fizjoterapeuta-uroginekologiczny\/\" rel=\"tag\">Fizjoterapeuta Uroginekologiczny<\/a> <\/span>\n\t\t\t\t\t\t\t\t\t<p>Z wykszta\u0142cenia jestem mgr fizjoterapii, technikiem masa\u017cyst\u0105 oraz dyplomowan\u0105 terapeutk\u0105 uroginekologiczn\u0105 z kilkuletnim do\u015bwiadczeniem. Uko\u0144czy\u0142am Akademi\u0119 Wychowania Fizycznego&hellip;<\/p>\n\t\t\t\t\t\t\t\t\t<a href=\"https:\/\/www.funfiz.pl\/index.php\/doctor\/mariola-piwnik\/\">- View Profile<\/a>\n\t\t\t\t\t\t\t\t<\/div>\n\n\t\t\t\t\t\t\t<\/div>\n\t\t\t\t\t\t\t\t\t\t\t\t\t\t<div class=\"post item\">\n\n\t\t\t\t\t\t\t\t<div class=\"gallery-sec\">\n\t\t\t\t\t\t\t\t\t<div class=\"image-hover img-layer-slide-left-right\">\n\t\t\t\t\t\t\t\t\t\t<img loading=\"lazy\" decoding=\"async\" width=\"500\" height=\"538\" src=\"https:\/\/www.funfiz.pl\/wp-content\/uploads\/2024\/01\/Mateusz-Patro-1.jpg\" class=\"attachment-pearl_image_size_762_700 size-pearl_image_size_762_700 wp-post-image\" alt=\"\" srcset=\"https:\/\/www.funfiz.pl\/wp-content\/uploads\/2024\/01\/Mateusz-Patro-1.jpg 500w, https:\/\/www.funfiz.pl\/wp-content\/uploads\/2024\/01\/Mateusz-Patro-1-279x300.jpg 279w\" sizes=\"auto, (max-width: 500px) 100vw, 500px\" \/>\t\t\t\t\t\t\t\t\t\t<div class=\"layer\">\n\t\t\t\t\t\t\t\t\t\t\t<a href=\"https:\/\/google.com\" target=\"_blank\"><i class=\"icon-caddieshoppingstreamline\"><\/i><\/a> \t\t\t\t\t\t\t\t\t\t<\/div>\n\t\t\t\t\t\t\t\t\t<\/div>\n\t\t\t\t\t\t\t\t<\/div>\n\n\t\t\t\t\t\t\t\t<div class=\"detail\">\n\t\t\t\t\t\t\t\t\t<h6><a href=\"https:\/\/www.funfiz.pl\/index.php\/doctor\/mateusz-patro\/\">Mateusz Patro<\/a><\/h6>\n\t\t\t\t\t\t\t\t\t<span> <a href=\"https:\/\/www.funfiz.pl\/index.php\/department\/fizjoterapeuta\/\" rel=\"tag\">Fizjoterapeuta<\/a> <\/span>\n\t\t\t\t\t\t\t\t\t<p>Z zawodem zwi\u0105zany od 2007 roku, uczestnik licznych szkole\u0144 z zakresu terapii manualnej oraz\r\ntechnik specjalnych pracy z pacjentem.&hellip;<\/p>\n\t\t\t\t\t\t\t\t\t<a href=\"https:\/\/www.funfiz.pl\/index.php\/doctor\/mateusz-patro\/\">- View Profile<\/a>\n\t\t\t\t\t\t\t\t<\/div>\n\n\t\t\t\t\t\t\t<\/div>\n\t\t\t\t\t\t\t\t\t\t\t<\/div>\n\t\t\t<\/div>\n\t\t<\/div>\n\t\t[\/vc_column][\/vc_row][vc_row css=&#8221;.vc_custom_1474014717811{padding-top: 55px !important;padding-bottom: 55px !important;background-color: #f5f5f5 !important;}&#8221;][vc_column]\t<div class=\"container main-heading-container\">\n\t\t<div class=\"main-title \">\n\t\t\t<h2>Witamy w <strong>FunFiz<\/strong><\/h2><p>Trafi\u0142e\u015b w dobre r\u0119ce. Ch\u0119tnie Ci pomo\u017cemy !<\/p>\t\t<\/div>\n\t<\/div>\n\t\t<div class=\"container\">\n\n\t\t<div id=\"tabbed-nav\">\n\t\t\t<ul>\n\t\t\t\t\t\t\t\t\t<li data-post=\"\">\n\t\t\t\t\t\t<a>Fijzoterapia Dzieci<\/a>\n\t\t\t\t\t<\/li>\n\t\t\t\t\t\t\t\t\t<li data-post=\"\">\n\t\t\t\t\t\t<a>Fizjoterapia uroginekologiczna<\/a>\n\t\t\t\t\t<\/li>\n\t\t\t\t\t\t\t\t\t<li data-post=\"\">\n\t\t\t\t\t\t<a>Fizjoterapia Doros\u0142ych<\/a>\n\t\t\t\t\t<\/li>\n\t\t\t\t\t\t\t<\/ul>\n\n\n\t\t\t<div>\n\t\t\t\t\t\t\t\t\t\t<div data-post=\"100\">\n\t\t\t\t\t\t\t<div class=\"row\">\n\n\t\t\t\t\t\t\t\t<div class=\"col-md-5\">\n\t\t\t\t\t\t\t\t\t<div class=\"welcome-serv-img\">\n\t\t\t\t\t\t\t\t\t\t<img loading=\"lazy\" decoding=\"async\" width=\"762\" height=\"700\" src=\"https:\/\/www.funfiz.pl\/wp-content\/uploads\/2024\/01\/physiotherapy_baby.jpg\" class=\"attachment-pearl_image_size_762_700 size-pearl_image_size_762_700 wp-post-image\" alt=\"\" srcset=\"https:\/\/www.funfiz.pl\/wp-content\/uploads\/2024\/01\/physiotherapy_baby.jpg 762w, https:\/\/www.funfiz.pl\/wp-content\/uploads\/2024\/01\/physiotherapy_baby-300x276.jpg 300w\" sizes=\"auto, (max-width: 762px) 100vw, 762px\" \/>\t\t\t\t\t\t\t\t\t<\/div>\n\t\t\t\t\t\t\t\t<\/div>\n\n\t\t\t\t\t\t\t\t<div class=\"col-md-7\">\n\t\t\t\t\t\t\t\t\t<div class=\"detail detail-btn\">\n\t\t\t\t\t\t\t\t\t\t<h4>Fijzoterapia Dzieci<\/h4>\n\t\t\t\t\t\t\t\t\t\t<div class=\"ser-content\">\n\t\t\t\t\t\t\t\t\t\t\t<p>Szukasz fizjoterapeuty dla swojego dziecka ? Zapraszamy do naszego gabinetu lub skorzystaj z wizyty domowej. Je\u015bli zauwa\u017cy\u0142e\u015b problemy z postaw\u0105 u swojego dziecka lub po prostu chcesz sprawdzi\u0107, czy rozwija si\u0119 ono prawid\u0142owo, serdecznie zapraszamy do skorzystania z naszych us\u0142ug. Fizjoterapia dzieci i niemowl\u0105t jest prowadzona przez specjalist\u00f3w, kt\u00f3rzy anga\u017cuj\u0105 si\u0119 w swoj\u0105 prac\u0119 w pe\u0142ni i posiadaj\u0105 \u015bwietny kontakt z m\u0142odymi pacjentami. Pomo\u017cemy Ci z dzie\u0107mi wi\u0119ku niemowl\u0119cym jak i przedszkolnym i wczesnoszkolnym z: \u25cf\u00a0problemami neurologicznymi \u25cf\u00a0wadami wrodzonymi \u25cf\u00a0wadami...<\/p>\n\t\t\t\t\t\t\t\t\t\t<\/div>\n\t\t\t\t\t\t\t\t\t\t<a href=\"https:\/\/www.funfiz.pl\/index.php\/service\/fizjoterapia-dzieci\/\">Read More<\/a>\n\t\t\t\t\t\t\t\t\t<\/div>\n\t\t\t\t\t\t\t\t<\/div>\n\n\t\t\t\t\t\t\t<\/div>\n\t\t\t\t\t\t<\/div>\n\t\t\t\t\t\t\t\t\t\t\t\t<div data-post=\"99\">\n\t\t\t\t\t\t\t<div class=\"row\">\n\n\t\t\t\t\t\t\t\t<div class=\"col-md-5\">\n\t\t\t\t\t\t\t\t\t<div class=\"welcome-serv-img\">\n\t\t\t\t\t\t\t\t\t\t<img loading=\"lazy\" decoding=\"async\" width=\"762\" height=\"700\" src=\"https:\/\/www.funfiz.pl\/wp-content\/uploads\/2024\/01\/uroginecology_physiotherapy.jpg\" class=\"attachment-pearl_image_size_762_700 size-pearl_image_size_762_700 wp-post-image\" alt=\"\" srcset=\"https:\/\/www.funfiz.pl\/wp-content\/uploads\/2024\/01\/uroginecology_physiotherapy.jpg 762w, https:\/\/www.funfiz.pl\/wp-content\/uploads\/2024\/01\/uroginecology_physiotherapy-300x276.jpg 300w\" sizes=\"auto, (max-width: 762px) 100vw, 762px\" \/>\t\t\t\t\t\t\t\t\t<\/div>\n\t\t\t\t\t\t\t\t<\/div>\n\n\t\t\t\t\t\t\t\t<div class=\"col-md-7\">\n\t\t\t\t\t\t\t\t\t<div class=\"detail detail-btn\">\n\t\t\t\t\t\t\t\t\t\t<h4>Fizjoterapia uroginekologiczna<\/h4>\n\t\t\t\t\t\t\t\t\t\t<div class=\"ser-content\">\n\t\t\t\t\t\t\t\t\t\t\t<p>Fizjoterapia uroginekologiczna jest g\u0142\u00f3wnie dedykowana kobietom. Specjalista w tej dziedzinie zajmuje si\u0119 nie tylko leczeniem oraz prewencj\u0105 problem\u00f3w zwi\u0105zanymi przede wszystkim z dolegliwo\u015bciami kobiecymi, lecz tak\u017ce d\u0105\u017cy do przywr\u00f3cenia r\u00f3wnowagi w obszarze mi\u0119\u015bniowo-powi\u0119ziowym. Ten obszar ma istotny wp\u0142yw na prawid\u0142owe funkcjonowanie narz\u0105d\u00f3w miednicy mniejszej. Pomo\u017cemy Ci z \u25cf bolesnym wsp\u00f3\u0142\u017cyciem \u25cf bolesnymi miesi\u0105czkami \u25cf terapi\u0105 b\u00f3lu w ci\u0105\u017cy \u25cf przygotowaniem do porodu \u25cf terapi\u0105 po porodzie \u25cf terapi\u0105 mi\u0119\u015bnia prostego brzucha \u25cf prac\u0105 z blizn\u0105 po\u00a0cesarskim ci\u0119ciu \u25cf terapi\u0105 nietrzymania...<\/p>\n\t\t\t\t\t\t\t\t\t\t<\/div>\n\t\t\t\t\t\t\t\t\t\t<a href=\"https:\/\/www.funfiz.pl\/index.php\/service\/fizjoterapia-uroginekologiczna\/\">Read More<\/a>\n\t\t\t\t\t\t\t\t\t<\/div>\n\t\t\t\t\t\t\t\t<\/div>\n\n\t\t\t\t\t\t\t<\/div>\n\t\t\t\t\t\t<\/div>\n\t\t\t\t\t\t\t\t\t\t\t\t<div data-post=\"98\">\n\t\t\t\t\t\t\t<div class=\"row\">\n\n\t\t\t\t\t\t\t\t<div class=\"col-md-5\">\n\t\t\t\t\t\t\t\t\t<div class=\"welcome-serv-img\">\n\t\t\t\t\t\t\t\t\t\t<img loading=\"lazy\" decoding=\"async\" width=\"762\" height=\"700\" src=\"https:\/\/www.funfiz.pl\/wp-content\/uploads\/2024\/01\/physiotherapy-1.jpg\" class=\"attachment-pearl_image_size_762_700 size-pearl_image_size_762_700 wp-post-image\" alt=\"\" srcset=\"https:\/\/www.funfiz.pl\/wp-content\/uploads\/2024\/01\/physiotherapy-1.jpg 762w, https:\/\/www.funfiz.pl\/wp-content\/uploads\/2024\/01\/physiotherapy-1-300x276.jpg 300w\" sizes=\"auto, (max-width: 762px) 100vw, 762px\" \/>\t\t\t\t\t\t\t\t\t<\/div>\n\t\t\t\t\t\t\t\t<\/div>\n\n\t\t\t\t\t\t\t\t<div class=\"col-md-7\">\n\t\t\t\t\t\t\t\t\t<div class=\"detail detail-btn\">\n\t\t\t\t\t\t\t\t\t\t<h4>Fizjoterapia Doros\u0142ych<\/h4>\n\t\t\t\t\t\t\t\t\t\t<div class=\"ser-content\">\n\t\t\t\t\t\t\t\t\t\t\t<p>Nasz gabinet fizjoterapii dla doros\u0142ych oferuje kompleksow\u0105 pomoc Pacjentom borykaj\u0105cym si\u0119 z b\u00f3lami r\u00f3\u017cnego rodzaju oraz specjalizuje si\u0119 w rehabilitacji po urazach i operacjach. Posiadamy znaczne do\u015bwiadczenie oraz odpowiednie kwalifikacje, wykorzystuj\u0105c nowoczesne metody leczenia i zapewniaj\u0105c holistyczne podej\u015bcie do zdrowia Pacjenta. Nasz zesp\u00f3\u0142 stale doskonali swoje umiej\u0119tno\u015bci poprzez udzia\u0142 w kursach i szkoleniach. Nasze us\u0142ugi s\u0105 dost\u0119pne dla Pacjent\u00f3w w r\u00f3\u017cnym przedziale wiekowym. D\u0105\u017cymy do poprawy komfortu \u017cycia i codziennego funkcjonowania os\u00f3b korzystaj\u0105cych z naszych us\u0142ug. Wizyty w naszym gabinecie...<\/p>\n\t\t\t\t\t\t\t\t\t\t<\/div>\n\t\t\t\t\t\t\t\t\t\t<a href=\"https:\/\/www.funfiz.pl\/index.php\/service\/fizjoterapia-doroslych\/\">Read More<\/a>\n\t\t\t\t\t\t\t\t\t<\/div>\n\t\t\t\t\t\t\t\t<\/div>\n\n\t\t\t\t\t\t\t<\/div>\n\t\t\t\t\t\t<\/div>\n\t\t\t\t\t\t\t\t\t<\/div>\n\t\t<\/div>\n\n\t<\/div>\n\t[\/vc_column][\/vc_row][vc_row][vc_column width=&#8221;1\/6&#8243;][\/vc_column][vc_column width=&#8221;2\/3&#8243;][vc_gmaps link=&#8221;#E-8_JTNDaWZyYW1lJTIwc3JjJTNEJTIyaHR0cHMlM0ElMkYlMkZ3d3cuZ29vZ2xlLmNvbSUyRm1hcHMlMkZlbWJlZCUzRnBiJTNEJTIxMW0xOCUyMTFtMTIlMjExbTMlMjExZDI0NDMuMjAyMTcyNzY3MjMyMiUyMTJkMjEuMDkzNjcyODc3NzYzOTg2JTIxM2Q1Mi4yMzk3MTEzNzE5ODkwOSUyMTJtMyUyMTFmMCUyMTJmMCUyMTNmMCUyMTNtMiUyMTFpMTAyNCUyMTJpNzY4JTIxNGYxMy4xJTIxM20zJTIxMW0yJTIxMXMweDQ3MWVjZDkzZWE5ZTVjYWYlMjUzQTB4M2I0M2U2Mzk3ZTBjOGZlOSUyMTJzJTI1QzUlMjU4MXVrb3dza2ElMjUyMDUwJTI1MkZsb2suJTI1MjAzJTI1MkMlMjUyMDA0LTEzMyUyNTIwV2Fyc3phd2ElMjE1ZTAlMjEzbTIlMjExc3BsJTIxMnNwbCUyMTR2MTcwNDU4MjM0NTA0MCUyMTVtMiUyMTFzcGwlMjEyc3BsJTIyJTIwd2lkdGglM0QlMjI2MDAlMjIlMjBoZWlnaHQlM0QlMjI0NTAlMjIlMjBzdHlsZSUzRCUyMmJvcmRlciUzQTAlM0IlMjIlMjBhbGxvd2Z1bGxzY3JlZW4lM0QlMjIlMjIlMjBsb2FkaW5nJTNEJTIybGF6eSUyMiUyMHJlZmVycmVycG9saWN5JTNEJTIybm8tcmVmZXJyZXItd2hlbi1kb3duZ3JhZGUlMjIlM0UlM0MlMkZpZnJhbWUlM0U=&#8221; size=&#8221;400px&#8221;][\/vc_column][vc_column width=&#8221;1\/6&#8243;][\/vc_column][\/vc_row][vc_row][vc_column]\t<div class=\"col-md-12 static-service\">\n\t\t\t\t\t\t<div class=\"service-sec-one high-space\">\n\t\t\t\t\t\t\t\t\t\t<div class=\"detail\">\n\t\t\t\t\t\t\t\t\t\t\t<\/div>\n\t\t\t\t<\/div>\n\t\t\t\t\t<\/div>\n\t[\/vc_column][\/vc_row]<\/p>\n<\/div>","protected":false},"excerpt":{"rendered":"<p>[vc_row][vc_column][vc_separator style=&#8221;shadow&#8221;][\/vc_column][\/vc_row][vc_row][vc_column width=&#8221;1\/6&#8243;][\/vc_column][vc_column width=&#8221;2\/3&#8243;][vc_btn title=&#8221;Zarezerwuj Wizyt\u0119 Online&#8221; style=&#8221;classic&#8221; color=&#8221;pink&#8221; size=&#8221;lg&#8221; align=&#8221;center&#8221; css_animation=&#8221;flipInX&#8221; button_block=&#8221;true&#8221; link=&#8221;url:https%3A%2F%2Fwww.funfiz.pl%2Findex.php%2Fzapisy-online%2F|title:ZAPISY%20ONLINE&#8221;][\/vc_column][vc_column width=&#8221;1\/6&#8243;][\/vc_column][\/vc_row][vc_row][vc_column width=&#8221;1\/6&#8243;][\/vc_column][vc_column width=&#8221;2\/6&#8243;][vc_hoverbox image=&#8221;463&#8243; primary_title=&#8221;Fizjoterapia Dzieci i Niemowl\u0105t&#8221; hover_title=&#8221;Fizjoterapia Dzieci i Niemowl\u0105t&#8221; hover_btn_title=&#8221;WI\u0118CEJ&#8221; hover_btn_color=&#8221;primary&#8221; hover_btn_size=&#8221;lg&#8221; hover_btn_align=&#8221;center&#8221; hover_add_button=&#8221;true&#8221; hover_btn_link=&#8221;url:https%3A%2F%2Fwww.funfiz.pl%2Findex.php%2Fservice%2Fdental-implants%2F|title:Fijzoterapia%20Dzieci&#8221;][\/vc_hoverbox][vc_separator][vc_hoverbox image=&#8221;468&#8243; primary_title=&#8221;Fizjoterapia Uroginekologiczna&#8221; hover_title=&#8221;Fizjoterepia Uroginekologiczna&#8221; hover_btn_title=&#8221;WI\u0118CEJ&#8221; hover_btn_color=&#8221;primary&#8221; hover_btn_size=&#8221;lg&#8221; hover_btn_align=&#8221;center&#8221; hover_add_button=&#8221;true&#8221; hover_btn_link=&#8221;url:https%3A%2F%2Fwww.funfiz.pl%2Findex.php%2Fservice%2Fheart-specialist%2F|title:Fijzoterapia%20Dzieci&#8221;][\/vc_hoverbox][\/vc_column][vc_column width=&#8221;2\/6&#8243;][vc_hoverbox image=&#8221;465&#8243; primary_title=&#8221;Fizjoterapia Doros\u0142ych&#8221; hover_title=&#8221;Fizjoterapia Doros\u0142ych&#8221; hover_btn_title=&#8221;WI\u0118CEJ&#8221; hover_btn_color=&#8221;primary&#8221; hover_btn_size=&#8221;lg&#8221; hover_btn_align=&#8221;center&#8221; hover_add_button=&#8221;true&#8221; hover_btn_link=&#8221;url:https%3A%2F%2Fwww.funfiz.pl%2Findex.php%2Fservice%2Flaboratory-tests%2F|title:Fijzoterapia%20Dzieci&#8221;][\/vc_hoverbox][vc_separator][vc_hoverbox image=&#8221;464&#8243; primary_title=&#8221;Masa\u017c&#8221; hover_title=&#8221;Masa\u017c&#8221; hover_btn_title=&#8221;WI\u0118CEJ&#8221; hover_btn_color=&#8221;primary&#8221; hover_btn_size=&#8221;lg&#8221; hover_btn_align=&#8221;center&#8221; hover_add_button=&#8221;true&#8221; hover_btn_link=&#8221;url:https%3A%2F%2Fwww.funfiz.pl%2Findex.php%2Fservice%2Foperation-theater%2F|title:Fijzoterapia%20Dzieci&#8221;][\/vc_hoverbox][\/vc_column][vc_column width=&#8221;1\/6&#8243;][\/vc_column][\/vc_row][vc_row css=&#8221;.vc_custom_1705245586368{padding-top: 55px !important;padding-bottom: 90px !important;}&#8221;][vc_column][\/vc_column][\/vc_row][vc_row css=&#8221;.vc_custom_1474014717811{padding-top: 55px !important;padding-bottom: 55px !important;background-color: #f5f5f5 !important;}&#8221;][vc_column][\/vc_column][\/vc_row][vc_row][vc_column width=&#8221;1\/6&#8243;][\/vc_column][vc_column width=&#8221;2\/3&#8243;][vc_gmaps link=&#8221;#E-8_JTNDaWZyYW1lJTIwc3JjJTNEJTIyaHR0cHMlM0ElMkYlMkZ3d3cuZ29vZ2xlLmNvbSUyRm1hcHMlMkZlbWJlZCUzRnBiJTNEJTIxMW0xOCUyMTFtMTIlMjExbTMlMjExZDI0NDMuMjAyMTcyNzY3MjMyMiUyMTJkMjEuMDkzNjcyODc3NzYzOTg2JTIxM2Q1Mi4yMzk3MTEzNzE5ODkwOSUyMTJtMyUyMTFmMCUyMTJmMCUyMTNmMCUyMTNtMiUyMTFpMTAyNCUyMTJpNzY4JTIxNGYxMy4xJTIxM20zJTIxMW0yJTIxMXMweDQ3MWVjZDkzZWE5ZTVjYWYlMjUzQTB4M2I0M2U2Mzk3ZTBjOGZlOSUyMTJzJTI1QzUlMjU4MXVrb3dza2ElMjUyMDUwJTI1MkZsb2suJTI1MjAzJTI1MkMlMjUyMDA0LTEzMyUyNTIwV2Fyc3phd2ElMjE1ZTAlMjEzbTIlMjExc3BsJTIxMnNwbCUyMTR2MTcwNDU4MjM0NTA0MCUyMTVtMiUyMTFzcGwlMjEyc3BsJTIyJTIwd2lkdGglM0QlMjI2MDAlMjIlMjBoZWlnaHQlM0QlMjI0NTAlMjIlMjBzdHlsZSUzRCUyMmJvcmRlciUzQTAlM0IlMjIlMjBhbGxvd2Z1bGxzY3JlZW4lM0QlMjIlMjIlMjBsb2FkaW5nJTNEJTIybGF6eSUyMiUyMHJlZmVycmVycG9saWN5JTNEJTIybm8tcmVmZXJyZXItd2hlbi1kb3duZ3JhZGUlMjIlM0UlM0MlMkZpZnJhbWUlM0U=&#8221; size=&#8221;400px&#8221;][\/vc_column][vc_column width=&#8221;1\/6&#8243;][\/vc_column][\/vc_row][vc_row][vc_column][\/vc_column][\/vc_row]<\/p>\n","protected":false},"author":1,"featured_media":0,"parent":0,"menu_order":0,"comment_status":"closed","ping_status":"closed","template":"page-templates\/home.php","meta":{"footnotes":""},"class_list":["post-30","page","type-page","status-publish","hentry"],"_links":{"self":[{"href":"https:\/\/www.funfiz.pl\/index.php\/wp-json\/wp\/v2\/pages\/30","targetHints":{"allow":["GET"]}}],"collection":[{"href":"https:\/\/www.funfiz.pl\/index.php\/wp-json\/wp\/v2\/pages"}],"about":[{"href":"https:\/\/www.funfiz.pl\/index.php\/wp-json\/wp\/v2\/types\/page"}],"author":[{"embeddable":true,"href":"https:\/\/www.funfiz.pl\/index.php\/wp-json\/wp\/v2\/users\/1"}],"replies":[{"embeddable":true,"href":"https:\/\/www.funfiz.pl\/index.php\/wp-json\/wp\/v2\/comments?post=30"}],"version-history":[{"count":89,"href":"https:\/\/www.funfiz.pl\/index.php\/wp-json\/wp\/v2\/pages\/30\/revisions"}],"predecessor-version":[{"id":665,"href":"https:\/\/www.funfiz.pl\/index.php\/wp-json\/wp\/v2\/pages\/30\/revisions\/665"}],"wp:attachment":[{"href":"https:\/\/www.funfiz.pl\/index.php\/wp-json\/wp\/v2\/media?parent=30"}],"curies":[{"name":"wp","href":"https:\/\/api.w.org\/{rel}","templated":true}]}}